{"id":678,"date":"2025-04-01T19:20:28","date_gmt":"2025-04-01T22:20:28","guid":{"rendered":"https:\/\/adecra.com.ar\/?page_id=678"},"modified":"2026-03-29T09:26:38","modified_gmt":"2026-03-29T12:26:38","slug":"reunion-internacional","status":"publish","type":"page","link":"https:\/\/www.adecra.com.ar\/index.php\/reunion-internacional\/","title":{"rendered":"Internacional"},"content":{"rendered":"\t\t<div data-elementor-type=\"wp-page\" data-elementor-id=\"678\" class=\"elementor elementor-678\">\n\t\t\t\t\t\t<section class=\"elementor-section elementor-top-section elementor-element elementor-element-3de57585 elementor-section-full_width elementor-section-content-middle elementor-section-height-default elementor-section-height-default\" data-id=\"3de57585\" data-element_type=\"section\" data-e-type=\"section\" data-settings=\"{&quot;background_background&quot;:&quot;classic&quot;}\">\n\t\t\t\t\t\t<div class=\"elementor-container elementor-column-gap-no\">\n\t\t\t\t\t<div class=\"elementor-column elementor-col-100 elementor-top-column elementor-element elementor-element-5d132784\" data-id=\"5d132784\" data-element_type=\"column\" data-e-type=\"column\">\n\t\t\t<div class=\"elementor-widget-wrap elementor-element-populated\">\n\t\t\t\t\t\t<div class=\"elementor-element elementor-element-278a3bb elementor-widget elementor-widget-heading\" data-id=\"278a3bb\" data-element_type=\"widget\" data-e-type=\"widget\" data-widget_type=\"heading.default\">\n\t\t\t\t<div class=\"elementor-widget-container\">\n\t\t\t\t\t<h2 class=\"elementor-heading-title elementor-size-default\">Reuni\u00f3n entre ADECRA y el Instituto Interamericano para la Democracia<\/h2>\t\t\t\t<\/div>\n\t\t\t\t<\/div>\n\t\t\t\t<div class=\"elementor-element elementor-element-a98de55 elementor-widget elementor-widget-heading\" data-id=\"a98de55\" data-element_type=\"widget\" data-e-type=\"widget\" data-widget_type=\"heading.default\">\n\t\t\t\t<div class=\"elementor-widget-container\">\n\t\t\t\t\t<h2 class=\"elementor-heading-title elementor-size-default\">20 de Septiembre de 2024 \u2013 Buenos Aires, Argentina<\/h2>\t\t\t\t<\/div>\n\t\t\t\t<\/div>\n\t\t\t\t<div class=\"elementor-element elementor-element-38ac3af elementor-widget elementor-widget-text-editor\" data-id=\"38ac3af\" data-element_type=\"widget\" data-e-type=\"widget\" data-widget_type=\"text-editor.default\">\n\t\t\t\t<div class=\"elementor-widget-container\">\n\t\t\t\t\t\t\t\t\t<p class=\"\" data-start=\"266\" data-end=\"548\"><span style=\"color: #ffffff;\">En el Hotel Panamericano de la Ciudad de Buenos Aires, se llev\u00f3 a cabo un encuentro clave entre Adecra y el Inter American Institute for Democracy. En esta reuni\u00f3n participaron el Sr. Armando Valladares, Director Amb., el Dr. Marcel Feraud y representantes de ambas instituciones.<\/span><\/p><p class=\"\" data-start=\"550\" data-end=\"949\"><span style=\"color: #ffffff;\">Durante la jornada, present\u00e9 en detalle el trabajo que realizamos en Adecra, destacando nuestros objetivos y compromisos en la defensa de los derechos humanos y la preservaci\u00f3n de los derechos constitucionales en Argentina. A partir de este di\u00e1logo, surgi\u00f3 la propuesta de colaboraci\u00f3n entre ambas organizaciones, con el fin de fortalecer nuestra labor y coordinar acciones conjuntas en la regi\u00f3n.<\/span><\/p>\t\t\t\t\t\t\t\t<\/div>\n\t\t\t\t<\/div>\n\t\t\t\t<div class=\"elementor-element elementor-element-910c3a0 elementor-widget elementor-widget-heading\" data-id=\"910c3a0\" data-element_type=\"widget\" data-e-type=\"widget\" data-widget_type=\"heading.default\">\n\t\t\t\t<div class=\"elementor-widget-container\">\n\t\t\t\t\t<h2 class=\"elementor-heading-title elementor-size-default\">24 de Marzo de 2025 \u2013 Santiago del Estero, Argentina<\/h2>\t\t\t\t<\/div>\n\t\t\t\t<\/div>\n\t\t\t\t<div class=\"elementor-element elementor-element-27832ce8 elementor-widget elementor-widget-text-editor\" data-id=\"27832ce8\" data-element_type=\"widget\" data-e-type=\"widget\" data-widget_type=\"text-editor.default\">\n\t\t\t\t<div class=\"elementor-widget-container\">\n\t\t\t\t\t\t\t\t\t<p class=\"\" data-start=\"1014\" data-end=\"1287\">Dando continuidad a nuestra alianza, se organiz\u00f3 una reuni\u00f3n en el Hotel Ex Carlos V de Santiago del Estero. En este encuentro, Adecra present\u00f3 un equipo de trabajo con abogados y referentes locales, quienes recibieron capacitaci\u00f3n para asistir y orientar a las v\u00edctimas.<\/p><p class=\"\" data-start=\"1289\" data-end=\"1535\">Este esfuerzo conjunto tiene como objetivo facilitar la gesti\u00f3n de casos y agilizar los tr\u00e1mites necesarios para que las denuncias lleguen a las autoridades nacionales, consolidando as\u00ed un mecanismo eficiente de defensa de los derechos humanos.<\/p>\t\t\t\t\t\t\t\t<\/div>\n\t\t\t\t<\/div>\n\t\t\t\t\t<\/div>\n\t\t<\/div>\n\t\t\t\t\t<\/div>\n\t\t<\/section>\n\t\t\t\t<section class=\"elementor-section elementor-top-section elementor-element elementor-element-bc36ffb elementor-section-boxed elementor-section-height-default elementor-section-height-default\" data-id=\"bc36ffb\" data-element_type=\"section\" data-e-type=\"section\" data-settings=\"{&quot;background_background&quot;:&quot;classic&quot;}\">\n\t\t\t\t\t\t<div class=\"elementor-container elementor-column-gap-default\">\n\t\t\t\t\t<div class=\"elementor-column elementor-col-100 elementor-top-column elementor-element elementor-element-81213d7\" data-id=\"81213d7\" data-element_type=\"column\" data-e-type=\"column\">\n\t\t\t<div class=\"elementor-widget-wrap elementor-element-populated\">\n\t\t\t\t\t\t<div class=\"elementor-element elementor-element-d414150 elementor-arrows-position-inside elementor-pagination-position-outside elementor-widget elementor-widget-image-carousel\" data-id=\"d414150\" data-element_type=\"widget\" data-e-type=\"widget\" data-settings=\"{&quot;navigation&quot;:&quot;both&quot;,&quot;autoplay&quot;:&quot;yes&quot;,&quot;pause_on_hover&quot;:&quot;yes&quot;,&quot;pause_on_interaction&quot;:&quot;yes&quot;,&quot;autoplay_speed&quot;:5000,&quot;infinite&quot;:&quot;yes&quot;,&quot;speed&quot;:500}\" data-widget_type=\"image-carousel.default\">\n\t\t\t\t<div class=\"elementor-widget-container\">\n\t\t\t\t\t\t\t<div class=\"elementor-image-carousel-wrapper swiper\" role=\"region\" aria-roledescription=\"carousel\" aria-label=\"Carrusel de im\u00e1genes\" dir=\"ltr\">\n\t\t\t<div class=\"elementor-image-carousel swiper-wrapper\" aria-live=\"off\">\n\t\t\t\t\t\t\t\t<div class=\"swiper-slide\" role=\"group\" aria-roledescription=\"slide\" aria-label=\"1 of 2\"><a data-elementor-open-lightbox=\"yes\" data-elementor-lightbox-slideshow=\"d414150\" data-elementor-lightbox-title=\"25-03-25\" data-e-action-hash=\"#elementor-action%3Aaction%3Dlightbox%26settings%3DeyJpZCI6NzYyLCJ1cmwiOiJodHRwczpcL1wvYWRlY3JhLmNvbS5hclwvd3AtY29udGVudFwvdXBsb2Fkc1wvMjAyNVwvMDRcLzI1LTAzLTI1LnBuZyIsInNsaWRlc2hvdyI6ImQ0MTQxNTAifQ%3D%3D\" href=\"https:\/\/adecra.com.ar\/wp-content\/uploads\/2025\/04\/25-03-25.png\"><figure class=\"swiper-slide-inner\"><img decoding=\"async\" class=\"swiper-slide-image\" src=\"https:\/\/adecra.com.ar\/wp-content\/uploads\/2025\/04\/25-03-25-150x150.png\" alt=\"25-03-25\" \/><\/figure><\/a><\/div><div class=\"swiper-slide\" role=\"group\" aria-roledescription=\"slide\" aria-label=\"2 of 2\"><a data-elementor-open-lightbox=\"yes\" data-elementor-lightbox-slideshow=\"d414150\" data-elementor-lightbox-title=\"WhatsApp Image 2025-04-01 at 19.02.20\" data-e-action-hash=\"#elementor-action%3Aaction%3Dlightbox%26settings%3DeyJpZCI6NzU5LCJ1cmwiOiJodHRwczpcL1wvYWRlY3JhLmNvbS5hclwvd3AtY29udGVudFwvdXBsb2Fkc1wvMjAyNVwvMDRcL1doYXRzQXBwLUltYWdlLTIwMjUtMDQtMDEtYXQtMTkuMDIuMjAtc2NhbGVkLmpwZWciLCJzbGlkZXNob3ciOiJkNDE0MTUwIn0%3D\" href=\"https:\/\/adecra.com.ar\/wp-content\/uploads\/2025\/04\/WhatsApp-Image-2025-04-01-at-19.02.20-scaled.jpeg\"><figure class=\"swiper-slide-inner\"><img decoding=\"async\" class=\"swiper-slide-image\" src=\"https:\/\/adecra.com.ar\/wp-content\/uploads\/2025\/04\/WhatsApp-Image-2025-04-01-at-19.02.20-150x150.jpeg\" alt=\"WhatsApp Image 2025-04-01 at 19.02.20\" \/><\/figure><\/a><\/div>\t\t\t<\/div>\n\t\t\t\t\t\t\t\t\t\t\t\t<div class=\"elementor-swiper-button elementor-swiper-button-prev\" role=\"button\" tabindex=\"0\">\n\t\t\t\t\t\t<i aria-hidden=\"true\" class=\"eicon-chevron-left\"><\/i>\t\t\t\t\t<\/div>\n\t\t\t\t\t<div class=\"elementor-swiper-button elementor-swiper-button-next\" role=\"button\" tabindex=\"0\">\n\t\t\t\t\t\t<i aria-hidden=\"true\" class=\"eicon-chevron-right\"><\/i>\t\t\t\t\t<\/div>\n\t\t\t\t\n\t\t\t\t\t\t\t\t\t<div class=\"swiper-pagination\"><\/div>\n\t\t\t\t\t\t\t\t\t<\/div>\n\t\t\t\t\t\t<\/div>\n\t\t\t\t<\/div>\n\t\t\t\t\t<\/div>\n\t\t<\/div>\n\t\t\t\t\t<\/div>\n\t\t<\/section>\n\t\t\t\t<\/div>\n\t\t","protected":false},"excerpt":{"rendered":"<p>Reuni\u00f3n entre ADECRA y el Instituto Interamericano para la Democracia 20 de Septiembre de 2024 \u2013 Buenos Aires, Argentina En el Hotel Panamericano de la Ciudad de Buenos Aires, se llev\u00f3 a cabo un encuentro clave entre Adecra y el Inter American Institute for Democracy. En esta reuni\u00f3n participaron el Sr. Armando Valladares, Director Amb., [&hellip;]<\/p>\n","protected":false},"author":1,"featured_media":0,"parent":0,"menu_order":0,"comment_status":"closed","ping_status":"closed","template":"","meta":{"site-sidebar-layout":"no-sidebar","site-content-layout":"page-builder","ast-site-content-layout":"full-width-container","site-content-style":"default","site-sidebar-style":"default","ast-global-header-display":"","ast-banner-title-visibility":"","ast-main-header-display":"","ast-hfb-above-header-display":"","ast-hfb-below-header-display":"","ast-hfb-mobile-header-display":"","site-post-title":"disabled","ast-breadcrumbs-content":"","ast-featured-img":"disabled","footer-sml-layout":"","theme-transparent-header-meta":"","adv-header-id-meta":"","stick-header-meta":"","header-above-stick-meta":"","header-main-stick-meta":"","header-below-stick-meta":"","astra-migrate-meta-layouts":"set","ast-page-background-enabled":"default","ast-page-background-meta":{"desktop":{"background-color":"var(--ast-global-color-4)","background-image":"","background-repeat":"repeat","background-position":"center center","background-size":"auto","background-attachment":"scroll","background-type":"","background-media":"","overlay-type":"","overlay-color":"","overlay-opacity":"","overlay-gradient":""},"tablet":{"background-color":"","background-image":"","background-repeat":"repeat","background-position":"center center","background-size":"auto","background-attachment":"scroll","background-type":"","background-media":"","overlay-type":"","overlay-color":"","overlay-opacity":"","overlay-gradient":""},"mobile":{"background-color":"","background-image":"","background-repeat":"repeat","background-position":"center center","background-size":"auto","background-attachment":"scroll","background-type":"","background-media":"","overlay-type":"","overlay-color":"","overlay-opacity":"","overlay-gradient":""}},"ast-content-background-meta":{"desktop":{"background-color":"var(--ast-global-color-5)","background-image":"","background-repeat":"repeat","background-position":"center center","background-size":"auto","background-attachment":"scroll","background-type":"","background-media":"","overlay-type":"","overlay-color":"","overlay-opacity":"","overlay-gradient":""},"tablet":{"background-color":"var(--ast-global-color-5)","background-image":"","background-repeat":"repeat","background-position":"center center","background-size":"auto","background-attachment":"scroll","background-type":"","background-media":"","overlay-type":"","overlay-color":"","overlay-opacity":"","overlay-gradient":""},"mobile":{"background-color":"var(--ast-global-color-5)","background-image":"","background-repeat":"repeat","background-position":"center center","background-size":"auto","background-attachment":"scroll","background-type":"","background-media":"","overlay-type":"","overlay-color":"","overlay-opacity":"","overlay-gradient":""}},"footnotes":""},"class_list":["post-678","page","type-page","status-publish","hentry"],"_links":{"self":[{"href":"https:\/\/www.adecra.com.ar\/index.php\/wp-json\/wp\/v2\/pages\/678","targetHints":{"allow":["GET"]}}],"collection":[{"href":"https:\/\/www.adecra.com.ar\/index.php\/wp-json\/wp\/v2\/pages"}],"about":[{"href":"https:\/\/www.adecra.com.ar\/index.php\/wp-json\/wp\/v2\/types\/page"}],"author":[{"embeddable":true,"href":"https:\/\/www.adecra.com.ar\/index.php\/wp-json\/wp\/v2\/users\/1"}],"replies":[{"embeddable":true,"href":"https:\/\/www.adecra.com.ar\/index.php\/wp-json\/wp\/v2\/comments?post=678"}],"version-history":[{"count":42,"href":"https:\/\/www.adecra.com.ar\/index.php\/wp-json\/wp\/v2\/pages\/678\/revisions"}],"predecessor-version":[{"id":892,"href":"https:\/\/www.adecra.com.ar\/index.php\/wp-json\/wp\/v2\/pages\/678\/revisions\/892"}],"wp:attachment":[{"href":"https:\/\/www.adecra.com.ar\/index.php\/wp-json\/wp\/v2\/media?parent=678"}],"curies":[{"name":"wp","href":"https:\/\/api.w.org\/{rel}","templated":true}]}}